{"id":884,"date":"2021-08-26T06:48:53","date_gmt":"2021-08-26T06:48:53","guid":{"rendered":"https:\/\/wpocean.com\/wp\/canun\/?page_id=3"},"modified":"2025-07-21T12:37:44","modified_gmt":"2025-07-21T19:37:44","slug":"privacy-policy","status":"publish","type":"page","link":"https:\/\/www.atozlegalservices.com\/es\/privacy-policy\/","title":{"rendered":"Pol\u00edtica de Privacidad"},"content":{"rendered":"<div data-elementor-type=\"wp-page\" data-elementor-id=\"884\" class=\"elementor elementor-884\" data-elementor-post-type=\"page\">\n\t\t\t\t<div class=\"elementor-element elementor-element-ef74b4e e-flex e-con-boxed e-con e-parent\" data-id=\"ef74b4e\" data-element_type=\"container\" data-settings=\"{&quot;background_background&quot;:&quot;classic&quot;}\">\n\t\t\t\t\t<div class=\"e-con-inner\">\n\t\t\t\t<div class=\"elementor-element elementor-element-1d42fcf elementor-widget elementor-widget-html\" data-id=\"1d42fcf\" data-element_type=\"widget\" data-widget_type=\"html.default\">\n\t\t\t\t\t<div class=\"breadcrumb\">\r\n  <a href=\"\/es\/\">Inicio<\/a> \/ <span>Pol\u00edtica de Privacidad<\/span>\r\n<\/div>\t\t\t\t<\/div>\n\t\t\t\t\t<\/div>\n\t\t\t\t<\/div>\n\t\t<div class=\"elementor-element elementor-element-70a19f3 e-flex e-con-boxed e-con e-parent\" data-id=\"70a19f3\" data-element_type=\"container\">\n\t\t\t\t\t<div class=\"e-con-inner\">\n\t\t\t\t<div class=\"elementor-element elementor-element-1865a2a elementor-widget elementor-widget-text-editor\" data-id=\"1865a2a\" data-element_type=\"widget\" data-widget_type=\"text-editor.default\">\n\t\t\t\t\t\t\t\t\t<h2>1. Identificaci\u00f3n del Responsable del Tratamiento de Datos<\/h2><p>Raz\u00f3n social legal: RC BROTHERS INC<\/p><p>Nombre comercial: A to Z Legal Services (\"nosotros\", \"la empresa\")<\/p><p>Direcci\u00f3n principal: 1050 Lakes Dr #225, West Covina, CA 91790, Estados Unidos<\/p><p>Correo electr\u00f3nico de contacto: info@azlegal.us<\/p><p>Sitio web oficial: https:\/\/www.azlegal.us<\/p><h2>2. Informaci\u00f3n que recopilamos<\/h2><p><strong>2.1 Informaci\u00f3n personal proporcionada por el usuario:<\/strong><\/p><p>Nombre Completo<\/p><p>Direcci\u00f3n de correo electr\u00f3nico<\/p><p>N\u00famero de Tel\u00e9fono<\/p><p>Servicio de inter\u00e9s<\/p><p>Fecha de la solicitud<\/p><p><strong>2.2 Recopilaci\u00f3n autom\u00e1tica:<\/strong><br \/>No recopilamos informaci\u00f3n de forma autom\u00e1tica. Todos los datos se obtienen exclusivamente a trav\u00e9s del formulario de contacto.<\/p><p><strong>2.3 Categor\u00edas especiales de datos:<\/strong><br \/>No solicitamos ni procesamos datos sensibles (como estado de salud, creencias religiosas, origen \u00e9tnico, etc.).<\/p><h2>3. Finalidades del tratamiento de los datos<\/h2><p>Prestaci\u00f3n del servicio: Gestionar solicitudes paralegales o contrataci\u00f3n de servicios.<\/p><p>Comunicaci\u00f3n: Responder consultas y proporcionar informaci\u00f3n sobre los servicios solicitados.<\/p><p>Futuras campa\u00f1as de marketing: Preparar acciones futuras en plataformas como Meta Ads o Google Ads, si llegaran a implementarse.<\/p><h2>4. Base legal para el tratamiento<\/h2><p>Ejecuci\u00f3n de un contrato o medidas precontractuales: Atender solicitudes de servicios.<\/p><p>Consentimiento del usuario: Para comunicaciones promocionales o de marketing, en caso de ser aplicables.<\/p><p>Inter\u00e9s leg\u00edtimo: Garantizar la seguridad de la plataforma y prevenir abusos.<\/p><h2>5. Cookies y tecnolog\u00edas similares<\/h2><p>Utilizamos etiquetas y cookies de terceros exclusivamente para la medici\u00f3n y dise\u00f1o de campa\u00f1as de marketing en Meta Ads y Google Ads.<\/p><p>Tipo de cookie: Marketing<\/p><p>Gesti\u00f3n del consentimiento: No usamos herramientas dedicadas de gesti\u00f3n de consentimiento. El usuario puede gestionar o desactivar cookies desde la configuraci\u00f3n de su navegador.<\/p><h2>6. Divulgaci\u00f3n a terceros<\/h2><p>No compartimos, vendemos ni alquilamos informaci\u00f3n personal a terceros. Toda la informaci\u00f3n permanece bajo nuestro control.<\/p><h2>7. Conservaci\u00f3n de los datos<\/h2><p>Los formularios enviados no se almacenan en nuestros servidores web. Los datos se env\u00edan directamente al correo electr\u00f3nico oficial y se conservan \u00fanicamente durante el tiempo necesario para gestionar la solicitud. Posteriormente, se eliminan de forma segura.<\/p><h2>8. Venta de informaci\u00f3n<\/h2><p>No participamos en la venta, intercambio o alquiler de datos personales bajo ninguna circunstancia.<\/p><h2>9. Derechos del usuario<\/h2><p>El usuario puede ejercer los siguientes derechos respecto a sus datos personales:<\/p><p>Acceso<\/p><p>Rectificaci\u00f3n de datos inexactos<\/p><p>Eliminaci\u00f3n<\/p><p>Limitaci\u00f3n u oposici\u00f3n al tratamiento<\/p><p>Portabilidad<\/p><p>Para ejercer estos derechos, debe comunicarse con nosotros al correo info@azlegal.us.<\/p><h2>10. Medidas de seguridad<\/h2><p>Implementamos medidas t\u00e9cnicas y organizativas adecuadas para proteger la confidencialidad, integridad y disponibilidad de la informaci\u00f3n, tales como:<\/p><p>Cifrado de datos en tr\u00e1nsito<\/p><p>Control de acceso restringido<\/p><p>Monitoreo de actividades sospechosas o anomal\u00edas<\/p><h2>11. Datos de menores<\/h2><p>No recopilamos de manera intencional datos personales de menores de 16 a\u00f1os. Si identificamos que se ha enviado informaci\u00f3n por parte de un menor, la eliminaremos inmediatamente.<\/p><h2>12. Actualizaciones de esta pol\u00edtica<\/h2><p>Cualquier cambio en esta Pol\u00edtica de Privacidad ser\u00e1 publicado en esta misma p\u00e1gina. Recomendamos revisarla peri\u00f3dicamente para estar al tanto de las posibles modificaciones.<\/p><h2>13. Ley aplicable y jurisdicci\u00f3n<\/h2><p>Esta Pol\u00edtica de Privacidad se rige por las leyes del Estado de California. Cualquier disputa relacionada con la presente pol\u00edtica se someter\u00e1 exclusivamente a los tribunales ubicados en el Condado de Los \u00c1ngeles, salvo acuerdo contrario entre las partes.<\/p><h2>14. Contacto adicional<\/h2><p>Si desea presentar una queja o hacer valer sus derechos por escrito, puede contactarnos tambi\u00e9n v\u00eda correo postal a:<\/p><p>RC BROTHERS INC \u2013 A to Z Legal Services <br \/>1050 Lakes Dr #225 <br \/>West Covina, CA 91790 <br \/>Estados Unidos<\/p><h2>Aceptaci\u00f3n de esta pol\u00edtica<\/h2><p>Al utilizar este sitio web o al proporcionarnos su informaci\u00f3n a trav\u00e9s de nuestros formularios de contacto o canales oficiales, usted acepta los t\u00e9rminos establecidos en esta Pol\u00edtica de Privacidad. Si no est\u00e1 de acuerdo con alguno de los puntos descritos, le recomendamos no utilizar nuestros servicios. Para cualquier duda o solicitud relacionada con sus datos personales, puede escribirnos a info@azlegal.us.<\/p>\t\t\t\t\t\t\t\t<\/div>\n\t\t\t\t\t<\/div>\n\t\t\t\t<\/div>\n\t\t\t\t<\/div>","protected":false},"excerpt":{"rendered":"Home \/ Privacy Policy 1. Identification of the Data Controller Legal Name: RC BROTHERS INC Trade Name: A to Z Legal Services (\u201cwe,\u201d \u201cthe Company\u201d) Head Office: 1050 Lakes Dr #225, West Covina, CA 91790, United States Contact Email: info@azlegal.us Official Website: https:\/\/www.azlegal.us 2. Information We Collect 2.1 Personal Information You Provide: Full Name Email","protected":false},"author":2,"featured_media":0,"parent":0,"menu_order":0,"comment_status":"closed","ping_status":"closed","template":"elementor_header_footer","meta":{"footnotes":""},"class_list":["post-884","page","type-page","status-publish","hentry"],"yoast_head":"<!-- This site is optimized with the Yoast SEO plugin v26.5 - https:\/\/yoast.com\/wordpress\/plugins\/seo\/ -->\n<title>Privacy Policy - A to Z Legal Services<\/title>\n<meta name=\"robots\" content=\"index, follow, max-snippet:-1, max-image-preview:large, max-video-preview:-1\" \/>\n<link rel=\"canonical\" href=\"https:\/\/www.atozlegalservices.com\/es\/privacy-policy\/\" \/>\n<meta property=\"og:locale\" content=\"es_MX\" \/>\n<meta property=\"og:type\" content=\"article\" \/>\n<meta property=\"og:title\" content=\"Privacy Policy - A to Z Legal Services\" \/>\n<meta property=\"og:description\" content=\"Home \/ Privacy Policy 1. Identification of the Data Controller Legal Name: RC BROTHERS INC Trade Name: A to Z Legal Services (\u201cwe,\u201d \u201cthe Company\u201d) Head Office: 1050 Lakes Dr #225, West Covina, CA 91790, United States Contact Email: info@azlegal.us Official Website: https:\/\/www.azlegal.us 2. Information We Collect 2.1 Personal Information You Provide: Full Name Email\" \/>\n<meta property=\"og:url\" content=\"https:\/\/www.atozlegalservices.com\/es\/privacy-policy\/\" \/>\n<meta property=\"og:site_name\" content=\"A to Z Legal Services\" \/>\n<meta property=\"article:publisher\" content=\"https:\/\/www.facebook.com\/AToZLegalServices\" \/>\n<meta property=\"article:modified_time\" content=\"2025-07-21T19:37:44+00:00\" \/>\n<meta name=\"twitter:card\" content=\"summary_large_image\" \/>\n<meta name=\"twitter:site\" content=\"@AZLegalUS\" \/>\n<meta name=\"twitter:label1\" content=\"Tiempo de lectura\" \/>\n\t<meta name=\"twitter:data1\" content=\"3 minutos\" \/>\n<script type=\"application\/ld+json\" class=\"yoast-schema-graph\">{\"@context\":\"https:\/\/schema.org\",\"@graph\":[{\"@type\":\"WebPage\",\"@id\":\"https:\/\/www.atozlegalservices.com\/privacy-policy\/\",\"url\":\"https:\/\/www.atozlegalservices.com\/privacy-policy\/\",\"name\":\"Privacy Policy - A to Z Legal Services\",\"isPartOf\":{\"@id\":\"https:\/\/www.atozlegalservices.com\/#website\"},\"datePublished\":\"2021-08-26T06:48:53+00:00\",\"dateModified\":\"2025-07-21T19:37:44+00:00\",\"breadcrumb\":{\"@id\":\"https:\/\/www.atozlegalservices.com\/privacy-policy\/#breadcrumb\"},\"inLanguage\":\"es\",\"potentialAction\":[{\"@type\":\"ReadAction\",\"target\":[\"https:\/\/www.atozlegalservices.com\/privacy-policy\/\"]}]},{\"@type\":\"BreadcrumbList\",\"@id\":\"https:\/\/www.atozlegalservices.com\/privacy-policy\/#breadcrumb\",\"itemListElement\":[{\"@type\":\"ListItem\",\"position\":1,\"name\":\"Inicio\",\"item\":\"https:\/\/www.atozlegalservices.com\/\"},{\"@type\":\"ListItem\",\"position\":2,\"name\":\"Privacy Policy\"}]},{\"@type\":\"WebSite\",\"@id\":\"https:\/\/www.atozlegalservices.com\/#website\",\"url\":\"https:\/\/www.atozlegalservices.com\/\",\"name\":\"A to Z Legal Services\",\"description\":\"\",\"publisher\":{\"@id\":\"https:\/\/www.atozlegalservices.com\/#organization\"},\"potentialAction\":[{\"@type\":\"SearchAction\",\"target\":{\"@type\":\"EntryPoint\",\"urlTemplate\":\"https:\/\/www.atozlegalservices.com\/?s={search_term_string}\"},\"query-input\":{\"@type\":\"PropertyValueSpecification\",\"valueRequired\":true,\"valueName\":\"search_term_string\"}}],\"inLanguage\":\"es\"},{\"@type\":\"Organization\",\"@id\":\"https:\/\/www.atozlegalservices.com\/#organization\",\"name\":\"A to Z Legal Services\",\"url\":\"https:\/\/www.atozlegalservices.com\/\",\"logo\":{\"@type\":\"ImageObject\",\"inLanguage\":\"es\",\"@id\":\"https:\/\/www.atozlegalservices.com\/#\/schema\/logo\/image\/\",\"url\":\"https:\/\/www.atozlegalservices.com\/wp-content\/uploads\/2025\/06\/atoz-legal-logo-1-california.webp\",\"contentUrl\":\"https:\/\/www.atozlegalservices.com\/wp-content\/uploads\/2025\/06\/atoz-legal-logo-1-california.webp\",\"width\":1165,\"height\":1494,\"caption\":\"A to Z Legal Services\"},\"image\":{\"@id\":\"https:\/\/www.atozlegalservices.com\/#\/schema\/logo\/image\/\"},\"sameAs\":[\"https:\/\/www.facebook.com\/AToZLegalServices\",\"https:\/\/x.com\/AZLegalUS\",\"https:\/\/www.linkedin.com\/uas\/login?session_redirect=httpswww.linkedin.comcompany69919171adminfeedposts\",\"https:\/\/www.tiktok.com\/@atozlegalservices\",\"https:\/\/www.instagram.com\/atozlegalservices\/\",\"https:\/\/www.yelp.com\/biz\/a-to-z-legal-services-west-covina-3\"]}]}<\/script>\n<!-- \/ Yoast SEO plugin. -->","yoast_head_json":{"title":"Privacy Policy - A to Z Legal Services","robots":{"index":"index","follow":"follow","max-snippet":"max-snippet:-1","max-image-preview":"max-image-preview:large","max-video-preview":"max-video-preview:-1"},"canonical":"https:\/\/www.atozlegalservices.com\/es\/privacy-policy\/","og_locale":"es_MX","og_type":"article","og_title":"Privacy Policy - A to Z Legal Services","og_description":"Home \/ Privacy Policy 1. Identification of the Data Controller Legal Name: RC BROTHERS INC Trade Name: A to Z Legal Services (\u201cwe,\u201d \u201cthe Company\u201d) Head Office: 1050 Lakes Dr #225, West Covina, CA 91790, United States Contact Email: info@azlegal.us Official Website: https:\/\/www.azlegal.us 2. Information We Collect 2.1 Personal Information You Provide: Full Name Email","og_url":"https:\/\/www.atozlegalservices.com\/es\/privacy-policy\/","og_site_name":"A to Z Legal Services","article_publisher":"https:\/\/www.facebook.com\/AToZLegalServices","article_modified_time":"2025-07-21T19:37:44+00:00","twitter_card":"summary_large_image","twitter_site":"@AZLegalUS","twitter_misc":{"Tiempo de lectura":"3 minutos"},"schema":{"@context":"https:\/\/schema.org","@graph":[{"@type":"WebPage","@id":"https:\/\/www.atozlegalservices.com\/privacy-policy\/","url":"https:\/\/www.atozlegalservices.com\/privacy-policy\/","name":"Privacy Policy - A to Z Legal Services","isPartOf":{"@id":"https:\/\/www.atozlegalservices.com\/#website"},"datePublished":"2021-08-26T06:48:53+00:00","dateModified":"2025-07-21T19:37:44+00:00","breadcrumb":{"@id":"https:\/\/www.atozlegalservices.com\/privacy-policy\/#breadcrumb"},"inLanguage":"es","potentialAction":[{"@type":"ReadAction","target":["https:\/\/www.atozlegalservices.com\/privacy-policy\/"]}]},{"@type":"BreadcrumbList","@id":"https:\/\/www.atozlegalservices.com\/privacy-policy\/#breadcrumb","itemListElement":[{"@type":"ListItem","position":1,"name":"Inicio","item":"https:\/\/www.atozlegalservices.com\/"},{"@type":"ListItem","position":2,"name":"Privacy Policy"}]},{"@type":"WebSite","@id":"https:\/\/www.atozlegalservices.com\/#website","url":"https:\/\/www.atozlegalservices.com\/","name":"A to Z Legal Services","description":"","publisher":{"@id":"https:\/\/www.atozlegalservices.com\/#organization"},"potentialAction":[{"@type":"SearchAction","target":{"@type":"EntryPoint","urlTemplate":"https:\/\/www.atozlegalservices.com\/?s={search_term_string}"},"query-input":{"@type":"PropertyValueSpecification","valueRequired":true,"valueName":"search_term_string"}}],"inLanguage":"es"},{"@type":"Organization","@id":"https:\/\/www.atozlegalservices.com\/#organization","name":"A to Z Legal Services","url":"https:\/\/www.atozlegalservices.com\/","logo":{"@type":"ImageObject","inLanguage":"es","@id":"https:\/\/www.atozlegalservices.com\/#\/schema\/logo\/image\/","url":"https:\/\/www.atozlegalservices.com\/wp-content\/uploads\/2025\/06\/atoz-legal-logo-1-california.webp","contentUrl":"https:\/\/www.atozlegalservices.com\/wp-content\/uploads\/2025\/06\/atoz-legal-logo-1-california.webp","width":1165,"height":1494,"caption":"A to Z Legal Services"},"image":{"@id":"https:\/\/www.atozlegalservices.com\/#\/schema\/logo\/image\/"},"sameAs":["https:\/\/www.facebook.com\/AToZLegalServices","https:\/\/x.com\/AZLegalUS","https:\/\/www.linkedin.com\/uas\/login?session_redirect=httpswww.linkedin.comcompany69919171adminfeedposts","https:\/\/www.tiktok.com\/@atozlegalservices","https:\/\/www.instagram.com\/atozlegalservices\/","https:\/\/www.yelp.com\/biz\/a-to-z-legal-services-west-covina-3"]}]}},"_links":{"self":[{"href":"https:\/\/www.atozlegalservices.com\/es\/wp-json\/wp\/v2\/pages\/884","targetHints":{"allow":["GET"]}}],"collection":[{"href":"https:\/\/www.atozlegalservices.com\/es\/wp-json\/wp\/v2\/pages"}],"about":[{"href":"https:\/\/www.atozlegalservices.com\/es\/wp-json\/wp\/v2\/types\/page"}],"author":[{"embeddable":true,"href":"https:\/\/www.atozlegalservices.com\/es\/wp-json\/wp\/v2\/users\/2"}],"replies":[{"embeddable":true,"href":"https:\/\/www.atozlegalservices.com\/es\/wp-json\/wp\/v2\/comments?post=884"}],"version-history":[{"count":25,"href":"https:\/\/www.atozlegalservices.com\/es\/wp-json\/wp\/v2\/pages\/884\/revisions"}],"predecessor-version":[{"id":6013,"href":"https:\/\/www.atozlegalservices.com\/es\/wp-json\/wp\/v2\/pages\/884\/revisions\/6013"}],"wp:attachment":[{"href":"https:\/\/www.atozlegalservices.com\/es\/wp-json\/wp\/v2\/media?parent=884"}],"curies":[{"name":"wp","href":"https:\/\/api.w.org\/{rel}","templated":true}]}}